{"id":990,"date":"2024-09-09T09:55:37","date_gmt":"2024-09-09T08:55:37","guid":{"rendered":"https:\/\/www.machinesproduction.fr\/fr\/?page_id=990"},"modified":"2024-09-09T12:37:35","modified_gmt":"2024-09-09T11:37:35","slug":"xometry-ia-dans-lindustrie","status":"publish","type":"page","link":"https:\/\/www.machinesproduction.fr\/fr\/index.php\/xometry-ia-dans-lindustrie\/","title":{"rendered":"Xometry l&#8217;IA dans l&#8217;industrie"},"content":{"rendered":"<p>[vc_section full_width=&#8221;stretch_row&#8221; content_placement=&#8221;middle&#8221; parallax=&#8221;content-moving&#8221; css=&#8221;.vc_custom_1673541085765{margin-top: -30px !important;padding-top: 100px !important;padding-bottom: 0px !important;background-color: #e7f1fe !important;background-position: center !important;background-repeat: no-repeat !important;background-size: cover !important;}&#8221;][vc_row equal_height=&#8221;yes&#8221; content_placement=&#8221;middle&#8221; css=&#8221;.vc_custom_1725876646390{margin-bottom: 30px !important;}&#8221;][vc_column width=&#8221;1\/2&#8243;][vc_custom_heading text=&#8221;Xometry &amp; Machines Production vous proposent de participer \u00e0 une enqu\u00eate :&#8221; font_container=&#8221;tag:h3|font_size:22px|text_align:center|color:%232d2d2d|line_height:32px&#8221; google_fonts=&#8221;font_family:Montserrat%20Alternates%3Aregular%2C700|font_style:400%20regular%3A400%3Anormal&#8221;][vc_custom_heading text=&#8221;L&#8217;utilisation de l&#8217;Intelligence Artificielle dans l&#8217;industrie manufacturi\u00e8re&#8221; font_container=&#8221;tag:h1|font_size:35px|text_align:center|color:%23375ea1|line_height:70px&#8221; google_fonts=&#8221;font_family:Montserrat%20Alternates%3Aregular%2C700|font_style:700%20bold%20regular%3A700%3Anormal&#8221; css=&#8221;.vc_custom_1725872806807{padding-bottom: 15px !important;padding-left: 10px !important;}&#8221;][vc_custom_heading text=&#8221;<strong>Recevez un bon de 150\u20ac* valable sur l\u2019ensemble des services de Xometry !&#8221; font_container=&#8221;tag:h3|font_size:22px|text_align:center|color:%23f4a261|line_height:32px&#8221; google_fonts=&#8221;font_family:Montserrat%20Alternates%3Aregular%2C700|font_style:400%20regular%3A400%3Anormal&#8221; css=&#8221;.vc_custom_1725873653226{padding-top: 10px !important;padding-left: 10px !important;}&#8221;][vc_btn title=&#8221;COMMENCER L&#8217;ENQU\u00caTE&#8221; style=&#8221;custom&#8221; custom_background=&#8221;#3d69b4&#8243; custom_text=&#8221;#ffffff&#8221; shape=&#8221;round&#8221; size=&#8221;lg&#8221; align=&#8221;center&#8221; link=&#8221;url:https%3A%2F%2Fbit.ly%2F4d2E7Zk&#8221; css=&#8221;.vc_custom_1725876680989{margin-top: 50px !important;margin-bottom: 50px !important;}&#8221;][vc_column_text]<\/strong><\/p>\n<p style=\"font-family: 'Montserrat Alternates', sans-serif; font-weight: 400; font-style: italic; text-align: center; font-size: 18px;\"><span style=\"color: #f4a261;\">L&#8217;enqu\u00eate est courte et ne prendra que 5 minutes.<\/span><\/p>\n<p>[\/vc_column_text][\/vc_column][vc_column width=&#8221;1\/2&#8243;][vc_single_image image=&#8221;992&#8243; img_size=&#8221;full&#8221; alignment=&#8221;center&#8221;][\/vc_column][\/vc_row][vc_row full_width=&#8221;stretch_row_content&#8221; content_placement=&#8221;middle&#8221; css=&#8221;.vc_custom_1673540563111{background-position: center !important;background-repeat: no-repeat !important;background-size: cover !important;}&#8221;][vc_column width=&#8221;1\/2&#8243; css=&#8221;.vc_custom_1568220654385{background-position: center !important;background-repeat: no-repeat !important;background-size: cover !important;}&#8221;][\/vc_column][vc_column width=&#8221;1\/2&#8243; css=&#8221;.vc_custom_1568012964775{padding-top: 0px !important;padding-right: 0px !important;padding-bottom: 0px !important;padding-left: 0px !important;}&#8221;][\/vc_column][\/vc_row][\/vc_section][vc_section full_width=&#8221;stretch_row&#8221; css=&#8221;.vc_custom_1725878560111{margin-top: -35px !important;padding-top: 40px !important;padding-right: 80px !important;padding-bottom: 40px !important;padding-left: 80px !important;background: #2638ff url(https:\/\/www.layoutsforwpbakery.com\/wp-content\/uploads\/2019\/09\/bg-map.png?id=141) !important;}&#8221;][vc_row full_width=&#8221;stretch_row_content&#8221; content_placement=&#8221;middle&#8221;][vc_column][\/vc_column][\/vc_row][\/vc_section][vc_row disable_element=&#8221;yes&#8221; css=&#8221;.vc_custom_1637237580152{padding-top: 90px !important;}&#8221;][vc_column][vc_custom_heading text=&#8221;<strong>La num\u00e9risation et le d\u00e9veloppement durable, des th\u00e8mes de plus en plus importants dans notre monde comp\u00e9titif, appellent de nouvelles solutions pour les entreprises du secteur de la m\u00e9tallurgie. Voici trois exemples qui illustrent comment les fabricants de lubrifiants peuvent apporter une valeur ajout\u00e9e gr\u00e2ce \u00e0 des produits innovants.&#8221; font_container=&#8221;tag:p|font_size:18px|text_align:center|color:%23000000|line_height:24px&#8221; google_fonts=&#8221;font_family:Muli%3A300%2C300italic%2Cregular%2Citalic|font_style:400%20regular%3A400%3Anormal&#8221;][vc_single_image image=&#8221;76&#8243; alignment=&#8221;center&#8221; css=&#8221;.vc_custom_1602773390292{margin-top: 50px !important;}&#8221;][\/vc_column][\/vc_row][vc_section full_width=&#8221;stretch_row&#8221; css=&#8221;.vc_custom_1568216646714{padding-top: 106px !important;padding-bottom: 70px !important;background-color: #f6f6f6 !important;}&#8221;][vc_row equal_height=&#8221;yes&#8221; content_placement=&#8221;middle&#8221;][vc_column width=&#8221;1\/2&#8243;][vc_custom_heading text=&#8221;Pourquoi y participer ?&#8221; font_container=&#8221;tag:h1|font_size:30px|text_align:left|color:%230a0a0a|line_height:60px&#8221; google_fonts=&#8221;font_family:Montserrat%20Alternates%3Aregular%2C700|font_style:700%20bold%20regular%3A700%3Anormal&#8221;][vc_custom_heading text=&#8221;\u2728 Recevez un bon de 150\u20ac*&#8221; font_container=&#8221;tag:p|font_size:18px|text_align:left|color:%23000000|line_height:35px&#8221; google_fonts=&#8221;font_family:Roboto%3A100%2C100italic%2C300%2C300italic%2Cregular%2Citalic%2C500%2C500italic%2C700%2C700italic%2C900%2C900italic|font_style:700%20bold%20regular%3A700%3Anormal&#8221; css=&#8221;.vc_custom_1725874061453{margin-top: 25px !important;margin-bottom: 0px !important;}&#8221;][vc_column_text css=&#8221;.vc_custom_1725881851023{margin-bottom: 15px !important;margin-left: 24px !important;}&#8221;]<\/p>\n<p style=\"font-family: 'Roboto', sans-serif; font-weight: 400; font-size: 16px; line-height: 28px;\">En guise de remerciement pour votre participation, vous recevrez un bon de 150 \u20ac valable sur l\u2019ensemble de nos services.<\/p>\n<p>[\/vc_column_text][vc_custom_heading text=&#8221;\u2728 Acc\u00e8s Exclusif&#8221; font_container=&#8221;tag:p|font_size:18px|text_align:left|color:%23000000|line_height:35px&#8221; google_fonts=&#8221;font_family:Roboto%3A100%2C100italic%2C300%2C300italic%2Cregular%2Citalic%2C500%2C500italic%2C700%2C700italic%2C900%2C900italic|font_style:700%20bold%20regular%3A700%3Anormal&#8221; css=&#8221;.vc_custom_1725874152126{margin-top: 25px !important;margin-bottom: 0px !important;}&#8221;][vc_column_text css=&#8221;.vc_custom_1725881000861{margin-bottom: 15px !important;margin-left: 24px !important;}&#8221;]<\/p>\n<p style=\"font-family: 'Roboto', sans-serif; font-weight: 400; font-size: 16px; line-height: 28px;\">les participants recevront le rapport r\u00e9sumant les r\u00e9sultats de l&#8217;enqu\u00eate, vous offrant des informations pr\u00e9cieuses sur les tendances du secteur de de l\u2019adoption de l\u2019IA.<\/p>\n<p>[\/vc_column_text][vc_custom_heading text=&#8221;\u2728 Influencez l&#8217;avenir&#8221; font_container=&#8221;tag:p|font_size:18px|text_align:left|color:%23000000|line_height:35px&#8221; google_fonts=&#8221;font_family:Roboto%3A100%2C100italic%2C300%2C300italic%2Cregular%2Citalic%2C500%2C500italic%2C700%2C700italic%2C900%2C900italic|font_style:700%20bold%20regular%3A700%3Anormal&#8221; css=&#8221;.vc_custom_1725874161736{margin-top: 25px !important;margin-bottom: 0px !important;}&#8221;][vc_column_text css=&#8221;.vc_custom_1725881049828{margin-bottom: 15px !important;margin-left: 24px !important;}&#8221;]<\/p>\n<p style=\"font-family: 'Roboto', sans-serif; font-weight: 400; font-size: 16px; line-height: 28px;\">vos id\u00e9es contribueront \u00e0 fa\u00e7onner l&#8217;avenir de l&#8217;IA dans le secteur manufacturier, en orientant les pratiques industrielles et les innovations technologiques.<\/p>\n<p>[\/vc_column_text][vc_btn title=&#8221;COMMENCER L&#8217;ENQU\u00caTE&#8221; style=&#8221;custom&#8221; custom_background=&#8221;#3d69b4&#8243; custom_text=&#8221;#ffffff&#8221; shape=&#8221;round&#8221; size=&#8221;lg&#8221; align=&#8221;center&#8221; link=&#8221;url:https%3A%2F%2Fbit.ly%2F4d2E7Zk&#8221; css=&#8221;.vc_custom_1725875695197{margin-top: 50px !important;}&#8221;][vc_column_text]<\/p>\n<p style=\"font-family: 'Montserrat Alternates', sans-serif; font-weight: 400; font-style: italic; text-align: center; font-size: 18px;\"><span style=\"color: #f4a261;\">L&#8217;enqu\u00eate est courte et ne prendra que 5 minutes.<\/span><\/p>\n<p>[\/vc_column_text][\/vc_column][vc_column width=&#8221;1\/2&#8243;][vc_single_image image=&#8221;995&#8243; img_size=&#8221;full&#8221; alignment=&#8221;center&#8221; onclick=&#8221;custom_link&#8221; css=&#8221;.vc_custom_1725875643892{padding-top: 35px !important;padding-right: 35px !important;padding-bottom: 35px !important;padding-left: 35px !important;}&#8221; link=&#8221;#form&#8221;][\/vc_column][\/vc_row][vc_row content_placement=&#8221;top&#8221;][vc_column css=&#8221;.vc_custom_1602772776659{margin-top: 0px !important;margin-bottom: 0px !important;padding-top: 0px !important;padding-bottom: 0px !important;}&#8221;][\/vc_column][\/vc_row][\/vc_section][vc_row][vc_column][vc_single_image image=&#8221;708&#8243; alignment=&#8221;center&#8221; css=&#8221;.vc_custom_1665696769243{margin-top: 100px !important;}&#8221;][vc_custom_heading text=&#8221;*valable jusqu\u2019au 31.10.2024 sur xometry.eu.&#8221; font_container=&#8221;tag:h3|font_size:18px|text_align:center|color:%230a0202|line_height:28px&#8221; google_fonts=&#8221;font_family:Montserrat%20Alternates%3Aregular%2C700|font_style:400%20regular%3A400%3Anormal&#8221; css=&#8221;.vc_custom_1725875833261{padding-top: 10px !important;padding-left: 10px !important;}&#8221;][\/vc_column][\/vc_row][vc_row][vc_column][vc_column_text][\/vc_column_text][\/vc_column][\/vc_row][vc_row][vc_column][vc_column_text][\/vc_column_text][\/vc_column][\/vc_row][vc_row][vc_column][vc_column_text][\/vc_column_text][\/vc_column][\/vc_row]<\/p>\n","protected":false},"excerpt":{"rendered":"<p>[vc_section full_width=&#8221;stretch_row&#8221; content_placement=&#8221;middle&#8221; parallax=&#8221;content-moving&#8221; css=&#8221;.vc_custom_1673541085765{margin-top: -30px !important;padding-top: 100px !important;padding-bottom: 0px !important;background-color: #e7f1fe !important;background-position: center !important;background-repeat: no-repeat !important;background-size: cover !important;}&#8221;][vc_row equal_height=&#8221;yes&#8221; content_placement=&#8221;middle&#8221; css=&#8221;.vc_custom_1725876646390{margin-bottom: 30px !important;}&#8221;][vc_column width=&#8221;1\/2&#8243;][vc_custom_heading text=&#8221;Xometry &amp; Machines Production vous proposent de participer \u00e0 une enqu\u00eate :&#8221; font_container=&#8221;tag:h3|font_size:22px|text_align:center|color:%232d2d2d|line_height:32px&#8221; google_fonts=&#8221;font_family:Montserrat%20Alternates%3Aregular%2C700|font_style:400%20regular%3A400%3Anormal&#8221;][vc_custom_heading text=&#8221;L&#8217;utilisation de l&#8217;Intelligence Artificielle dans l&#8217;industrie manufacturi\u00e8re&#8221; font_container=&#8221;tag:h1|font_size:35px|text_align:center|color:%23375ea1|line_height:70px&#8221; google_fonts=&#8221;font_family:Montserrat%20Alternates%3Aregular%2C700|font_style:700%20bold%20regular%3A700%3Anormal&#8221; css=&#8221;.vc_custom_1725872806807{padding-bottom: 15px !important;padding-left: 10px !important;}&#8221;][vc_custom_heading text=&#8221;Recevez un&hellip;<\/p>\n","protected":false},"author":1,"featured_media":992,"parent":0,"menu_order":0,"comment_status":"closed","ping_status":"closed","template":"","meta":{"content-type":"","footnotes":""},"class_list":["post-990","page","type-page","status-publish","has-post-thumbnail","hentry"],"yoast_head":"<!-- This site is optimized with the Yoast SEO plugin v26.9 - https:\/\/yoast.com\/product\/yoast-seo-wordpress\/ -->\n<title>Enqu\u00eate Xometry &quot;L&#039;IA dans l&#039;Industrie Manufacturi\u00e8re&quot;<\/title>\n<meta name=\"description\" content=\"Gagnez un bon de 150\u20ac valable sur l\u2019ensemble des services de Xometry en r\u00e9pondant \u00e0 notre l&#039;enqu\u00eate sur l&#039;IA dans l&#039;Industrie Manufacturi\u00e8re\" \/>\n<meta name=\"robots\" content=\"index, follow, max-snippet:-1, max-image-preview:large, max-video-preview:-1\" \/>\n<link rel=\"canonical\" href=\"https:\/\/www.machinesproduction.fr\/fr\/index.php\/xometry-ia-dans-lindustrie\/\" \/>\n<meta property=\"og:locale\" content=\"fr_FR\" \/>\n<meta property=\"og:type\" content=\"article\" \/>\n<meta property=\"og:title\" content=\"Guide Xometry &quot;Les Types de Per\u00e7age en Usinage CNC&quot;\" \/>\n<meta property=\"og:description\" content=\"Xometry et Machines Production sont heureux de vous offrir le guide &quot;les types de per\u00e7age en CNC&quot;\" \/>\n<meta property=\"og:url\" content=\"https:\/\/www.machinesproduction.fr\/fr\/index.php\/xometry-ia-dans-lindustrie\/\" \/>\n<meta property=\"og:site_name\" content=\"Machines Production\" \/>\n<meta property=\"article:modified_time\" content=\"2024-09-09T11:37:35+00:00\" \/>\n<meta property=\"og:image\" content=\"https:\/\/www.machinesproduction.fr\/fr\/wp-content\/uploads\/2024\/03\/Modern-Neutral-Freebie-Lead-Magnet-Mockup-Instagram-Post.png\" \/>\n\t<meta property=\"og:image:width\" content=\"1080\" \/>\n\t<meta property=\"og:image:height\" content=\"1080\" \/>\n\t<meta property=\"og:image:type\" content=\"image\/png\" \/>\n<meta name=\"twitter:card\" content=\"summary_large_image\" \/>\n<meta name=\"twitter:title\" content=\"Guide Xometry &quot;Les Types de Per\u00e7age en Usinage CNC&quot;\" \/>\n<meta name=\"twitter:description\" content=\"Xometry et Machines Production sont heureux de vous offrir le guide &quot;les types de per\u00e7age en CNC&quot;\" \/>\n<meta name=\"twitter:image\" content=\"https:\/\/www.machinesproduction.fr\/fr\/wp-content\/uploads\/2024\/03\/Modern-Neutral-Freebie-Lead-Magnet-Mockup-Instagram-Post.png\" \/>\n<meta name=\"twitter:label1\" content=\"Dur\u00e9e de lecture estim\u00e9e\" \/>\n\t<meta name=\"twitter:data1\" content=\"2 minutes\" \/>\n<script type=\"application\/ld+json\" class=\"yoast-schema-graph\">{\"@context\":\"https:\/\/schema.org\",\"@graph\":[{\"@type\":\"WebPage\",\"@id\":\"https:\/\/www.machinesproduction.fr\/fr\/index.php\/xometry-ia-dans-lindustrie\/\",\"url\":\"https:\/\/www.machinesproduction.fr\/fr\/index.php\/xometry-ia-dans-lindustrie\/\",\"name\":\"Enqu\u00eate Xometry \\\"L'IA dans l'Industrie Manufacturi\u00e8re\\\"\",\"isPartOf\":{\"@id\":\"https:\/\/www.machinesproduction.fr\/fr\/#website\"},\"primaryImageOfPage\":{\"@id\":\"https:\/\/www.machinesproduction.fr\/fr\/index.php\/xometry-ia-dans-lindustrie\/#primaryimage\"},\"image\":{\"@id\":\"https:\/\/www.machinesproduction.fr\/fr\/index.php\/xometry-ia-dans-lindustrie\/#primaryimage\"},\"thumbnailUrl\":\"https:\/\/www.machinesproduction.fr\/fr\/wp-content\/uploads\/2024\/09\/artificial-intelligence-.png\",\"datePublished\":\"2024-09-09T08:55:37+00:00\",\"dateModified\":\"2024-09-09T11:37:35+00:00\",\"description\":\"Gagnez un bon de 150\u20ac valable sur l\u2019ensemble des services de Xometry en r\u00e9pondant \u00e0 notre l'enqu\u00eate sur l'IA dans l'Industrie Manufacturi\u00e8re\",\"breadcrumb\":{\"@id\":\"https:\/\/www.machinesproduction.fr\/fr\/index.php\/xometry-ia-dans-lindustrie\/#breadcrumb\"},\"inLanguage\":\"fr-FR\",\"potentialAction\":[{\"@type\":\"ReadAction\",\"target\":[\"https:\/\/www.machinesproduction.fr\/fr\/index.php\/xometry-ia-dans-lindustrie\/\"]}]},{\"@type\":\"ImageObject\",\"inLanguage\":\"fr-FR\",\"@id\":\"https:\/\/www.machinesproduction.fr\/fr\/index.php\/xometry-ia-dans-lindustrie\/#primaryimage\",\"url\":\"https:\/\/www.machinesproduction.fr\/fr\/wp-content\/uploads\/2024\/09\/artificial-intelligence-.png\",\"contentUrl\":\"https:\/\/www.machinesproduction.fr\/fr\/wp-content\/uploads\/2024\/09\/artificial-intelligence-.png\",\"width\":5717,\"height\":3676},{\"@type\":\"BreadcrumbList\",\"@id\":\"https:\/\/www.machinesproduction.fr\/fr\/index.php\/xometry-ia-dans-lindustrie\/#breadcrumb\",\"itemListElement\":[{\"@type\":\"ListItem\",\"position\":1,\"name\":\"Home\",\"item\":\"https:\/\/www.machinesproduction.fr\/fr\/\"},{\"@type\":\"ListItem\",\"position\":2,\"name\":\"Xometry l&#8217;IA dans l&#8217;industrie\"}]},{\"@type\":\"WebSite\",\"@id\":\"https:\/\/www.machinesproduction.fr\/fr\/#website\",\"url\":\"https:\/\/www.machinesproduction.fr\/fr\/\",\"name\":\"Machines Production\",\"description\":\"\",\"potentialAction\":[{\"@type\":\"SearchAction\",\"target\":{\"@type\":\"EntryPoint\",\"urlTemplate\":\"https:\/\/www.machinesproduction.fr\/fr\/?s={search_term_string}\"},\"query-input\":{\"@type\":\"PropertyValueSpecification\",\"valueRequired\":true,\"valueName\":\"search_term_string\"}}],\"inLanguage\":\"fr-FR\"}]}<\/script>\n<!-- \/ Yoast SEO plugin. -->","yoast_head_json":{"title":"Enqu\u00eate Xometry \"L'IA dans l'Industrie Manufacturi\u00e8re\"","description":"Gagnez un bon de 150\u20ac valable sur l\u2019ensemble des services de Xometry en r\u00e9pondant \u00e0 notre l'enqu\u00eate sur l'IA dans l'Industrie Manufacturi\u00e8re","robots":{"index":"index","follow":"follow","max-snippet":"max-snippet:-1","max-image-preview":"max-image-preview:large","max-video-preview":"max-video-preview:-1"},"canonical":"https:\/\/www.machinesproduction.fr\/fr\/index.php\/xometry-ia-dans-lindustrie\/","og_locale":"fr_FR","og_type":"article","og_title":"Guide Xometry \"Les Types de Per\u00e7age en Usinage CNC\"","og_description":"Xometry et Machines Production sont heureux de vous offrir le guide \"les types de per\u00e7age en CNC\"","og_url":"https:\/\/www.machinesproduction.fr\/fr\/index.php\/xometry-ia-dans-lindustrie\/","og_site_name":"Machines Production","article_modified_time":"2024-09-09T11:37:35+00:00","og_image":[{"width":1080,"height":1080,"url":"https:\/\/www.machinesproduction.fr\/fr\/wp-content\/uploads\/2024\/03\/Modern-Neutral-Freebie-Lead-Magnet-Mockup-Instagram-Post.png","type":"image\/png"}],"twitter_card":"summary_large_image","twitter_title":"Guide Xometry \"Les Types de Per\u00e7age en Usinage CNC\"","twitter_description":"Xometry et Machines Production sont heureux de vous offrir le guide \"les types de per\u00e7age en CNC\"","twitter_image":"https:\/\/www.machinesproduction.fr\/fr\/wp-content\/uploads\/2024\/03\/Modern-Neutral-Freebie-Lead-Magnet-Mockup-Instagram-Post.png","twitter_misc":{"Dur\u00e9e de lecture estim\u00e9e":"2 minutes"},"schema":{"@context":"https:\/\/schema.org","@graph":[{"@type":"WebPage","@id":"https:\/\/www.machinesproduction.fr\/fr\/index.php\/xometry-ia-dans-lindustrie\/","url":"https:\/\/www.machinesproduction.fr\/fr\/index.php\/xometry-ia-dans-lindustrie\/","name":"Enqu\u00eate Xometry \"L'IA dans l'Industrie Manufacturi\u00e8re\"","isPartOf":{"@id":"https:\/\/www.machinesproduction.fr\/fr\/#website"},"primaryImageOfPage":{"@id":"https:\/\/www.machinesproduction.fr\/fr\/index.php\/xometry-ia-dans-lindustrie\/#primaryimage"},"image":{"@id":"https:\/\/www.machinesproduction.fr\/fr\/index.php\/xometry-ia-dans-lindustrie\/#primaryimage"},"thumbnailUrl":"https:\/\/www.machinesproduction.fr\/fr\/wp-content\/uploads\/2024\/09\/artificial-intelligence-.png","datePublished":"2024-09-09T08:55:37+00:00","dateModified":"2024-09-09T11:37:35+00:00","description":"Gagnez un bon de 150\u20ac valable sur l\u2019ensemble des services de Xometry en r\u00e9pondant \u00e0 notre l'enqu\u00eate sur l'IA dans l'Industrie Manufacturi\u00e8re","breadcrumb":{"@id":"https:\/\/www.machinesproduction.fr\/fr\/index.php\/xometry-ia-dans-lindustrie\/#breadcrumb"},"inLanguage":"fr-FR","potentialAction":[{"@type":"ReadAction","target":["https:\/\/www.machinesproduction.fr\/fr\/index.php\/xometry-ia-dans-lindustrie\/"]}]},{"@type":"ImageObject","inLanguage":"fr-FR","@id":"https:\/\/www.machinesproduction.fr\/fr\/index.php\/xometry-ia-dans-lindustrie\/#primaryimage","url":"https:\/\/www.machinesproduction.fr\/fr\/wp-content\/uploads\/2024\/09\/artificial-intelligence-.png","contentUrl":"https:\/\/www.machinesproduction.fr\/fr\/wp-content\/uploads\/2024\/09\/artificial-intelligence-.png","width":5717,"height":3676},{"@type":"BreadcrumbList","@id":"https:\/\/www.machinesproduction.fr\/fr\/index.php\/xometry-ia-dans-lindustrie\/#breadcrumb","itemListElement":[{"@type":"ListItem","position":1,"name":"Home","item":"https:\/\/www.machinesproduction.fr\/fr\/"},{"@type":"ListItem","position":2,"name":"Xometry l&#8217;IA dans l&#8217;industrie"}]},{"@type":"WebSite","@id":"https:\/\/www.machinesproduction.fr\/fr\/#website","url":"https:\/\/www.machinesproduction.fr\/fr\/","name":"Machines Production","description":"","potentialAction":[{"@type":"SearchAction","target":{"@type":"EntryPoint","urlTemplate":"https:\/\/www.machinesproduction.fr\/fr\/?s={search_term_string}"},"query-input":{"@type":"PropertyValueSpecification","valueRequired":true,"valueName":"search_term_string"}}],"inLanguage":"fr-FR"}]}},"_links":{"self":[{"href":"https:\/\/www.machinesproduction.fr\/fr\/index.php\/wp-json\/wp\/v2\/pages\/990","targetHints":{"allow":["GET"]}}],"collection":[{"href":"https:\/\/www.machinesproduction.fr\/fr\/index.php\/wp-json\/wp\/v2\/pages"}],"about":[{"href":"https:\/\/www.machinesproduction.fr\/fr\/index.php\/wp-json\/wp\/v2\/types\/page"}],"author":[{"embeddable":true,"href":"https:\/\/www.machinesproduction.fr\/fr\/index.php\/wp-json\/wp\/v2\/users\/1"}],"replies":[{"embeddable":true,"href":"https:\/\/www.machinesproduction.fr\/fr\/index.php\/wp-json\/wp\/v2\/comments?post=990"}],"version-history":[{"count":34,"href":"https:\/\/www.machinesproduction.fr\/fr\/index.php\/wp-json\/wp\/v2\/pages\/990\/revisions"}],"predecessor-version":[{"id":1026,"href":"https:\/\/www.machinesproduction.fr\/fr\/index.php\/wp-json\/wp\/v2\/pages\/990\/revisions\/1026"}],"wp:featuredmedia":[{"embeddable":true,"href":"https:\/\/www.machinesproduction.fr\/fr\/index.php\/wp-json\/wp\/v2\/media\/992"}],"wp:attachment":[{"href":"https:\/\/www.machinesproduction.fr\/fr\/index.php\/wp-json\/wp\/v2\/media?parent=990"}],"curies":[{"name":"wp","href":"https:\/\/api.w.org\/{rel}","templated":true}]}}