
{"id":47,"date":"2015-10-21T23:22:40","date_gmt":"2015-10-21T21:22:40","guid":{"rendered":"http:\/\/themes.loc\/workscout\/post-a-job\/"},"modified":"2021-04-13T09:06:21","modified_gmt":"2021-04-13T07:06:21","slug":"post-a-job","status":"publish","type":"page","link":"https:\/\/www.machinesproduction.fr\/emploi\/post-a-job\/","title":{"rendered":"Poster une annonce"},"content":{"rendered":"\r\n\r\n<form action=\"\/emploi\/wp-json\/wp\/v2\/pages\/47\" method=\"post\" id=\"submit-job-form\" class=\"job-manager-form\" enctype=\"multipart\/form-data\">\r\n\r\n\t\r\n\t\r\n\t\t\t<fieldset>\r\n\t<div class=\"notification notice closeable margin-bottom-40\">\r\n\t\t\r\n\t\t<p><span>Have an account?<\/span>\r\n\r\n\t\t\t\r\n\t\t\t\tIf you don&rsquo;t have an account you can create one below by entering your email address\/username. Your account details will be confirmed via email.\r\n\t\t\t\t\t<\/p> \r\n\t\t<a class=\"button\" href=\"https:\/\/www.machinesproduction.fr\/emploi\/dashboard-page\/\">Connexion<\/a>\r\n\t<\/div>\r\n\t<\/fieldset>\r\n\t\t\t\t<fieldset class=\"fieldset-create_account_email\">\r\n\t\t\t\t<label\r\n\t\t\t\t\tfor=\"create_account_email\">Votre adresse e-mail<\/label>\r\n\t\t\t\t<div class=\"field required-field\">\r\n\t\t\t\t\t<input type=\"text\" class=\"input-text\" name=\"create_account_email\" id=\"create_account_email\" placeholder=\"you@yourdomain.com\" value=\"\" maxlength=\"\" required \/>\n\t\t\t\t<\/div>\r\n\t\t\t<\/fieldset>\r\n\t\t\t\r\n\r\n\t\t\r\n\t\t<div class=\"dashboard-list-box\">\r\n\t\t\t<div class=\"dashboard-list-box-content\">\r\n\t\t\t\r\n\t\t\t\t<h4>D\u00e9tails de l&#039;emploi<\/h4>\r\n\t\t\t\t\r\n\t\t\t\t\t\t\t\t\t<div class=\"submit-page\">\r\n\t\t\t\t\t<!-- Job Information Fields -->\r\n\t\t\t\t\t\r\n\t\t\t\t\t\t\t\t\t\t\t<fieldset class=\"form fieldset-job_title\">\r\n\t\t\t\t\t\t\t<label for=\"job_title\">Titre du poste<\/label>\r\n\t\t\t\t\t\t\t<div class=\"field required-field\">\r\n\t\t\t\t\t\t\t\t<input type=\"text\" class=\"input-text\" name=\"job_title\" id=\"job_title\" placeholder=\"\" value=\"\" maxlength=\"\" required \/>\n\t\t\t\t\t\t\t<\/div>\r\n\t\t\t\t\t\t<\/fieldset>\r\n\t\t\t\t\t\t\t\t\t\t\t<fieldset class=\"form fieldset-job_location\">\r\n\t\t\t\t\t\t\t<label for=\"job_location\">Emplacement <small>(option)<\/small><\/label>\r\n\t\t\t\t\t\t\t<div class=\"field \">\r\n\t\t\t\t\t\t\t\t<input type=\"text\" class=\"input-text\" name=\"job_location\" id=\"job_location\" placeholder=\"Exemple &quot;Paris&quot;\" value=\"\" maxlength=\"\"  \/>\n\t\t<a href=\"#\"><i title=\"Trouver mon emplacement\" class=\"tooltip left la la-map-marked-alt\"><\/i><\/a>\n        <span class=\"type-and-hit-enter\">Entrer votre recherche<\/span>     <small class=\"description\">Laissez vide si l\u2019offre peut \u00eatre pourvue depuis n\u2019importe o\u00f9 (ex\u00a0: t\u00e9l\u00e9travail)<\/small>\t\t\t\t\t\t\t<\/div>\r\n\t\t\t\t\t\t<\/fieldset>\r\n\t\t\t\t\t\t\t\t\t\t\t<fieldset class=\"form fieldset-remote_position\">\r\n\t\t\t\t\t\t\t<label for=\"remote_position\">Emploi en distanciel <small>(option)<\/small><\/label>\r\n\t\t\t\t\t\t\t<div class=\"field \">\r\n\t\t\t\t\t\t\t\t<input type=\"checkbox\" class=\"input-checkbox\" name=\"remote_position\" id=\"remote_position\"  value=\"1\"  \/>\n<small class=\"description\">S\u00e9lectionnez ceci si le poste est en distanciel.<\/small>\t\t\t\t\t\t\t<\/div>\r\n\t\t\t\t\t\t<\/fieldset>\r\n\t\t\t\t\t\t\t\t\t\t\t<fieldset class=\"form fieldset-job_type\">\r\n\t\t\t\t\t\t\t<label for=\"job_type\">Type de contrat<\/label>\r\n\t\t\t\t\t\t\t<div class=\"field required-field\">\r\n\t\t\t\t\t\t\t\t<select  name='job_type' id='job_type' class='select2-single'>\n\t<option class=\"level-0\" value=\"4\">CDD<\/option>\n\t<option class=\"level-0\" value=\"2\" selected=\"selected\">CDI<\/option>\n\t<option class=\"level-0\" value=\"5\">Freelance<\/option>\n\t<option class=\"level-0\" value=\"68\">Int\u00e9rimaire<\/option>\n\t<option class=\"level-0\" value=\"6\">Stage \/ Alternance<\/option>\n\t<option class=\"level-0\" value=\"3\">Temps partiel<\/option>\n<\/select>\n\t\t\t\t\t\t\t<\/div>\r\n\t\t\t\t\t\t<\/fieldset>\r\n\t\t\t\t\t\t\t\t\t\t\t<fieldset class=\"form fieldset-job_tags\">\r\n\t\t\t\t\t\t\t<label for=\"job_tags\">Type de poste <small>(option)<\/small><\/label>\r\n\t\t\t\t\t\t\t<div class=\"field \">\r\n\t\t\t\t\t\t\t\t<select name='job_tags[]' id='job_tags' class='job-manager-category-dropdown ' multiple='multiple' data-placeholder='Choisissez le type de poste' data-no_results_text='Aucun r\u00e9sultat' data-multiple_text='Choisir une option'>\n\t<option class=\"level-0\" value=\"69\">Achat<\/option>\n\t<option class=\"level-0\" value=\"91\">Administrateur r\u00e9seau informatique<\/option>\n\t<option class=\"level-0\" value=\"92\">Agent de maintenance<\/option>\n\t<option class=\"level-0\" value=\"73\">Agent de ma\u00eetrise<\/option>\n\t<option class=\"level-0\" value=\"93\">Agent logistique<\/option>\n\t<option class=\"level-0\" value=\"160\">Angleur\/euse<\/option>\n\t<option class=\"level-0\" value=\"94\">Assistant commercial<\/option>\n\t<option class=\"level-0\" value=\"95\">Assistant de direction<\/option>\n\t<option class=\"level-0\" value=\"90\">Autres<\/option>\n\t<option class=\"level-0\" value=\"80\">Cadre<\/option>\n\t<option class=\"level-0\" value=\"75\">Cariste<\/option>\n\t<option class=\"level-0\" value=\"128\">Charg\u00e9 de communication<\/option>\n\t<option class=\"level-0\" value=\"108\">Charg\u00e9 de ressources humaines<\/option>\n\t<option class=\"level-0\" value=\"96\">Chaudronnier<\/option>\n\t<option class=\"level-0\" value=\"74\">Chef d&#039;\u00e9quipe<\/option>\n\t<option class=\"level-0\" value=\"97\">Chef de produit<\/option>\n\t<option class=\"level-0\" value=\"98\">Chef de projet<\/option>\n\t<option class=\"level-0\" value=\"76\">Commercial<\/option>\n\t<option class=\"level-0\" value=\"77\">Comptable<\/option>\n\t<option class=\"level-0\" value=\"99\">Conducteur de ligne de production<\/option>\n\t<option class=\"level-0\" value=\"191\">Contr\u00f4leur<\/option>\n\t<option class=\"level-0\" value=\"100\">Contr\u00f4leur de gestion<\/option>\n\t<option class=\"level-0\" value=\"101\">D\u00e9colleteur<\/option>\n\t<option class=\"level-0\" value=\"102\">Designer industriel<\/option>\n\t<option class=\"level-0\" value=\"103\">Directeur administratif et financier<\/option>\n\t<option class=\"level-0\" value=\"104\">Directeur bureau d&#039;\u00e9tudes<\/option>\n\t<option class=\"level-0\" value=\"105\">Directeur commercial<\/option>\n\t<option class=\"level-0\" value=\"106\">Directeur de production<\/option>\n\t<option class=\"level-0\" value=\"107\">Directeur ressources humaines<\/option>\n\t<option class=\"level-0\" value=\"109\">Directeur Technique<\/option>\n\t<option class=\"level-0\" value=\"71\">Direction<\/option>\n\t<option class=\"level-0\" value=\"110\">\u00c9lectrotechnicien<\/option>\n\t<option class=\"level-0\" value=\"111\">Ergonome<\/option>\n\t<option class=\"level-0\" value=\"78\">Formateur<\/option>\n\t<option class=\"level-0\" value=\"112\">Fraiseur<\/option>\n\t<option class=\"level-0\" value=\"113\">Hydraulicien<\/option>\n\t<option class=\"level-0\" value=\"79\">Ing\u00e9nieur<\/option>\n\t<option class=\"level-0\" value=\"114\">Ing\u00e9nieur calcul\/simulation<\/option>\n\t<option class=\"level-0\" value=\"115\">Ing\u00e9nieur d&#039;essais<\/option>\n\t<option class=\"level-0\" value=\"116\">Ing\u00e9nieur d&#039;\u00e9tude en \u00e9lectronique<\/option>\n\t<option class=\"level-0\" value=\"117\">Ing\u00e9nieur de production<\/option>\n\t<option class=\"level-0\" value=\"118\">Ing\u00e9nieur \u00e9lectrotechnicien<\/option>\n\t<option class=\"level-0\" value=\"119\">Ing\u00e9nieur g\u00e9nie industriel<\/option>\n\t<option class=\"level-0\" value=\"120\">Ing\u00e9nieur informatique industrielle<\/option>\n\t<option class=\"level-0\" value=\"121\">Ing\u00e9nieur mat\u00e9riaux<\/option>\n\t<option class=\"level-0\" value=\"122\">Ing\u00e9nieur m\u00e9thodes<\/option>\n\t<option class=\"level-0\" value=\"123\">Ing\u00e9nieur R&amp;D<\/option>\n\t<option class=\"level-0\" value=\"124\">Ing\u00e9nieur syst\u00e8mes<\/option>\n\t<option class=\"level-0\" value=\"125\">Juriste<\/option>\n\t<option class=\"level-0\" value=\"72\">Marketing<\/option>\n\t<option class=\"level-0\" value=\"126\">M\u00e9catronicien<\/option>\n\t<option class=\"level-0\" value=\"127\">M\u00e9tallier-Charpentier<\/option>\n\t<option class=\"level-0\" value=\"149\">M\u00e9thode<\/option>\n\t<option class=\"level-0\" value=\"81\">Monteur<\/option>\n\t<option class=\"level-0\" value=\"82\">Op\u00e9rateur<\/option>\n\t<option class=\"level-0\" value=\"83\">Outilleur<\/option>\n\t<option class=\"level-0\" value=\"84\">Projeteur<\/option>\n\t<option class=\"level-0\" value=\"85\">R\u00e9dacteur Technique<\/option>\n\t<option class=\"level-0\" value=\"70\">Responsable Communication<\/option>\n\t<option class=\"level-0\" value=\"86\">Responsable de production<\/option>\n\t<option class=\"level-0\" value=\"87\">Soudeur<\/option>\n\t<option class=\"level-0\" value=\"88\">Technicien<\/option>\n\t<option class=\"level-0\" value=\"89\">Technico-commercial<\/option>\n\t<option class=\"level-0\" value=\"190\">Tourneur<\/option>\n<\/select>\n<small class=\"description\">Vous pouvez choisir un type de poste pour votre annonce 3 maximum.<\/small>\t\t\t\t\t\t\t<\/div>\r\n\t\t\t\t\t\t<\/fieldset>\r\n\t\t\t\t\t\t\t\t\t\t\t<fieldset class=\"form fieldset-job_category\">\r\n\t\t\t\t\t\t\t<label for=\"job_category\">Secteur<\/label>\r\n\t\t\t\t\t\t\t<div class=\"field required-field\">\r\n\t\t\t\t\t\t\t\t<select name='job_category[]' id='job_category' class='job-manager-category-dropdown ' multiple='multiple' data-placeholder='Choisissez une cat\u00e9gorie&hellip;' data-no_results_text='Aucun r\u00e9sultat' data-multiple_text='Choisir une option'>\n\t<option class=\"level-0\" value=\"64\">_Autres<\/option>\n\t<option class=\"level-0\" value=\"50\">Automatisation<\/option>\n\t<option class=\"level-0\" value=\"63\">Chaudronnerie<\/option>\n\t<option class=\"level-0\" value=\"52\">Contr\u00f4le \/ Qualit\u00e9<\/option>\n\t<option class=\"level-0\" value=\"66\">Equipement industriel<\/option>\n\t<option class=\"level-0\" value=\"51\">Etudes \/ Recherche \/ R&amp;D<\/option>\n\t<option class=\"level-0\" value=\"62\">Fabrication additive<\/option>\n\t<option class=\"level-0\" value=\"53\">Forge<\/option>\n\t<option class=\"level-0\" value=\"61\">Formage \/ Tolerie<\/option>\n\t<option class=\"level-0\" value=\"54\">Hygi\u00e8ne \/ S\u00e9curit\u00e9 \/ Environnement<\/option>\n\t<option class=\"level-0\" value=\"55\">Informatique industrielle<\/option>\n\t<option class=\"level-0\" value=\"56\">Logistique<\/option>\n\t<option class=\"level-0\" value=\"57\">Maintenance<\/option>\n\t<option class=\"level-0\" value=\"58\">Manutention<\/option>\n\t<option class=\"level-0\" value=\"59\">Mat\u00e9riaux<\/option>\n\t<option class=\"level-0\" value=\"65\">S\u00e9curit\u00e9 industrielle<\/option>\n\t<option class=\"level-0\" value=\"67\">Traitement thermique \/ surface<\/option>\n\t<option class=\"level-0\" value=\"60\">Usinage<\/option>\n<\/select>\n\t\t\t\t\t\t\t<\/div>\r\n\t\t\t\t\t\t<\/fieldset>\r\n\t\t\t\t\t\t\t\t\t\t\t<fieldset class=\"form fieldset-job_description\">\r\n\t\t\t\t\t\t\t<label for=\"job_description\">Description<\/label>\r\n\t\t\t\t\t\t\t<div class=\"field required-field\">\r\n\t\t\t\t\t\t\t\t<div id=\"wp-job_description-wrap\" class=\"wp-core-ui wp-editor-wrap tmce-active\"><link rel='stylesheet' id='dashicons-css' href='https:\/\/www.machinesproduction.fr\/emploi\/wp-includes\/css\/dashicons.min.css' type='text\/css' media='all' \/>\n<link rel='stylesheet' id='editor-buttons-css' href='https:\/\/www.machinesproduction.fr\/emploi\/wp-includes\/css\/editor.min.css' type='text\/css' media='all' \/>\n<style> .mce-top-part button { background-color: rgba(0,0,0,0.0) !important; } <\/style>\n<div id=\"wp-job_description-editor-container\" class=\"wp-editor-container\"><textarea class=\"wp-editor-area\" rows=\"8\" autocomplete=\"off\" cols=\"40\" name=\"job_description\" id=\"job_description\"><\/textarea><\/div>\n<\/div>\n\n\t\t\t\t\t\t\t<\/div>\r\n\t\t\t\t\t\t<\/fieldset>\r\n\t\t\t\t\t\t\t\t\t\t\t<fieldset class=\"form fieldset-job_deadline\">\r\n\t\t\t\t\t\t\t<label for=\"job_deadline\">Date de fin <small>(option)<\/small><\/label>\r\n\t\t\t\t\t\t\t<div class=\"field \">\r\n\t\t\t\t\t\t\t\t<input type=\"text\" class=\"input-date job-manager-datepicker\" name=\"job_deadline\" id=\"job_deadline\" placeholder=\"\" value=\"\"  \/>\n<small class=\"description\">Date de cl\u00f4ture de l'annonce. Si vous laissez cette case vide, l'annonce sera automatiquement d\u00e9sactiv\u00e9e apr\u00e8s 60 jours. Un rappel sera envoy\u00e9 7 jours avant.<\/small>\t\t\t\t\t\t\t<\/div>\r\n\t\t\t\t\t\t<\/fieldset>\r\n\t\t\t\t\t\t\t\t\t\t\t<fieldset class=\"form fieldset-application\">\r\n\t\t\t\t\t\t\t<label for=\"application\">Email\/URL de candidature<\/label>\r\n\t\t\t\t\t\t\t<div class=\"field required-field\">\r\n\t\t\t\t\t\t\t\t<input type=\"text\" class=\"input-text\" name=\"application\" id=\"application\" placeholder=\"Saisir une adresse courriel ou une URL de site\" value=\"\" maxlength=\"\" required \/>\n\t\t\t\t\t\t\t<\/div>\r\n\t\t\t\t\t\t<\/fieldset>\r\n\t\t\t\t\t\t\t\t\t\t\t<fieldset class=\"form fieldset-apply_link\">\r\n\t\t\t\t\t\t\t<label for=\"apply_link\">Lien externe pour candidater <small>(option)<\/small><\/label>\r\n\t\t\t\t\t\t\t<div class=\"field \">\r\n\t\t\t\t\t\t\t\t<input type=\"text\" class=\"input-text\" name=\"apply_link\" id=\"apply_link\" placeholder=\"http:\/\/\" value=\"\" maxlength=\"\"  \/>\n\t\t\t\t\t\t\t<\/div>\r\n\t\t\t\t\t\t<\/fieldset>\r\n\t\t\t\t\t\t\t\t\t\t\t<fieldset class=\"form fieldset-header_image\">\r\n\t\t\t\t\t\t\t<label for=\"header_image\">Image d'ent\u00eate <small>(option)<\/small><\/label>\r\n\t\t\t\t\t\t\t<div class=\"field \">\r\n\t\t\t\t\t\t\t\t\n<label class=\"fake-upload-btn no_ajax\">\n\t<div class=\"job-manager-uploaded-files\">\n\t\t\t<\/div>\n\t<input type=\"file\" class=\"ws-file-upload input-text\" data-file_types=\"jpg|jpeg|gif|png\"  name=\"header_image\" id=\"header_image\" placeholder=\"\" \/>\n    <div  class=\"upload-btn\"><i class=\"fa fa-upload\"><\/i> Parcourir<\/div>\n<\/label>\n\n\n\n<small class=\"description\">\n\t\t\tL'image en t\u00eate devrait faire 1750x425px\t<\/small>\t\t\t\t\t\t\t<\/div>\r\n\t\t\t\t\t\t<\/fieldset>\r\n\t\t\t\t\t\r\n\t\t\t\t\t\r\n\t\t\t\t\t<!-- Company Information Fields -->\r\n\t\t\t\t\t\t\t\t\t\t<\/div>\r\n\t\t\t<\/div>\r\n\t\t<\/div>\r\n\t\t<div class=\"dashboard-list-box margin-top-30\">\r\n\t\t\t<div class=\"dashboard-list-box-content\">\r\n\t\t\t\t<h4>D\u00e9tails de l&#039;entreprise<\/h4>\r\n\t\t\t\t<div class=\"submit-page\">\r\n\t\t\t\t\t\r\n\t\t\t\t\t\t\t\t\t\t\t<fieldset class=\"form fieldset-company_name\">\r\n\t\t\t\t\t\t\t<label for=\"company_name\">Nom de l\u2019entreprise<\/label>\r\n\t\t\t\t\t\t\t<div class=\"field required-field\">\r\n\t\t\t\t\t\t\t\t<input type=\"text\" class=\"input-text\" name=\"company_name\" id=\"company_name\" placeholder=\"Saisir le nom de l\u2019entreprise\" value=\"\" maxlength=\"\" required \/>\n\t\t\t\t\t\t\t<\/div>\r\n\t\t\t\t\t\t<\/fieldset>\r\n\t\t\t\t\t\t\t\t\t\t\t<fieldset class=\"form fieldset-company_website\">\r\n\t\t\t\t\t\t\t<label for=\"company_website\">Site web <small>(option)<\/small><\/label>\r\n\t\t\t\t\t\t\t<div class=\"field \">\r\n\t\t\t\t\t\t\t\t<input type=\"text\" class=\"input-text\" name=\"company_website\" id=\"company_website\" placeholder=\"http:\/\/\" value=\"\" maxlength=\"\"  \/>\n\t\t\t\t\t\t\t<\/div>\r\n\t\t\t\t\t\t<\/fieldset>\r\n\t\t\t\t\t\t\t\t\t\t\t<fieldset class=\"form fieldset-company_tagline\">\r\n\t\t\t\t\t\t\t<label for=\"company_tagline\">Slogan <small>(option)<\/small><\/label>\r\n\t\t\t\t\t\t\t<div class=\"field \">\r\n\t\t\t\t\t\t\t\t<input type=\"text\" class=\"input-text\" name=\"company_tagline\" id=\"company_tagline\" placeholder=\"D\u00e9crire rapidement l\u2019entreprise\" value=\"\" maxlength=\"64\"  \/>\n\t\t\t\t\t\t\t<\/div>\r\n\t\t\t\t\t\t<\/fieldset>\r\n\t\t\t\t\t\t\t\t\t\t\t<fieldset class=\"form fieldset-company_video\">\r\n\t\t\t\t\t\t\t<label for=\"company_video\">Vid\u00e9o <small>(option)<\/small><\/label>\r\n\t\t\t\t\t\t\t<div class=\"field \">\r\n\t\t\t\t\t\t\t\t<input type=\"text\" class=\"input-text\" name=\"company_video\" id=\"company_video\" placeholder=\"Lien vid\u00e9o de pr\u00e9sentation de votre entreprise\" value=\"\" maxlength=\"\"  \/>\n\t\t\t\t\t\t\t<\/div>\r\n\t\t\t\t\t\t<\/fieldset>\r\n\t\t\t\t\t\t\t\t\t\t\t<fieldset class=\"form fieldset-company_twitter\">\r\n\t\t\t\t\t\t\t<label for=\"company_twitter\">Compte Twitter <small>(option)<\/small><\/label>\r\n\t\t\t\t\t\t\t<div class=\"field \">\r\n\t\t\t\t\t\t\t\t<input type=\"text\" class=\"input-text\" name=\"company_twitter\" id=\"company_twitter\" placeholder=\"@votreentreprise\" value=\"\" maxlength=\"\"  \/>\n\t\t\t\t\t\t\t<\/div>\r\n\t\t\t\t\t\t<\/fieldset>\r\n\t\t\t\t\t\t\t\t\t\t\t<fieldset class=\"form fieldset-company_logo\">\r\n\t\t\t\t\t\t\t<label for=\"company_logo\">Logo <small>(option)<\/small><\/label>\r\n\t\t\t\t\t\t\t<div class=\"field \">\r\n\t\t\t\t\t\t\t\t\n<label class=\"fake-upload-btn no_ajax\">\n\t<div class=\"job-manager-uploaded-files\">\n\t\t\t<\/div>\n\t<input type=\"file\" class=\"ws-file-upload input-text\" data-file_types=\"jpg|jpeg|gif|png\"  name=\"company_logo\" id=\"company_logo\" placeholder=\"\" \/>\n    <div  class=\"upload-btn\"><i class=\"fa fa-upload\"><\/i> Parcourir<\/div>\n<\/label>\n\n\n\n<small class=\"description\">\n\t\t\tTaille maximum du fichier : 2 Mo.\t<\/small>\t\t\t\t\t\t\t<\/div>\r\n\t\t\t\t\t\t<\/fieldset>\r\n\t\t\t\t\t\r\n\t\t\t\t\t\t\t\t\t\t\r\n\t\t\t\t\t\r\n\t\t\t\t\t\r\n\r\n\t\t\t\t\t\t\t<\/div>\r\n\t\t<\/div>\r\n\r\n\t<\/div>\r\n\t<p class=\"send-btn-border\">\r\n\t\t<input type=\"hidden\" name=\"job_manager_form\" value=\"submit-job\" \/>\r\n\t\t<input type=\"hidden\" name=\"job_id\" value=\"0\" \/>\r\n\t\t<input type=\"hidden\" name=\"step\" value=\"0\" \/>\r\n\t\t<input type=\"submit\" name=\"submit_job\" class=\"button big\" value=\"Aper\u00e7u\" \/>\r\n\t<\/p>\r\n<\/form>\r\n\n","protected":false},"excerpt":{"rendered":"Have an account? If you don&rsquo;t have an account you can create one below by entering your email address\/username. Your account details will be confirmed via email. Connexion Votre adresse...","protected":false},"author":1,"featured_media":0,"parent":0,"menu_order":0,"comment_status":"closed","ping_status":"closed","template":"template-dashboard.php","meta":{"footnotes":""},"class_list":["post-47","page","type-page","status-publish","hentry"],"_links":{"self":[{"href":"https:\/\/www.machinesproduction.fr\/emploi\/wp-json\/wp\/v2\/pages\/47","targetHints":{"allow":["GET"]}}],"collection":[{"href":"https:\/\/www.machinesproduction.fr\/emploi\/wp-json\/wp\/v2\/pages"}],"about":[{"href":"https:\/\/www.machinesproduction.fr\/emploi\/wp-json\/wp\/v2\/types\/page"}],"author":[{"embeddable":true,"href":"https:\/\/www.machinesproduction.fr\/emploi\/wp-json\/wp\/v2\/users\/1"}],"replies":[{"embeddable":true,"href":"https:\/\/www.machinesproduction.fr\/emploi\/wp-json\/wp\/v2\/comments?post=47"}],"version-history":[{"count":1,"href":"https:\/\/www.machinesproduction.fr\/emploi\/wp-json\/wp\/v2\/pages\/47\/revisions"}],"predecessor-version":[{"id":185,"href":"https:\/\/www.machinesproduction.fr\/emploi\/wp-json\/wp\/v2\/pages\/47\/revisions\/185"}],"wp:attachment":[{"href":"https:\/\/www.machinesproduction.fr\/emploi\/wp-json\/wp\/v2\/media?parent=47"}],"curies":[{"name":"wp","href":"https:\/\/api.w.org\/{rel}","templated":true}]}}