
{"id":41,"date":"2015-10-21T23:54:00","date_gmt":"2015-10-21T21:54:00","guid":{"rendered":"http:\/\/themes.loc\/workscout\/resumes\/"},"modified":"2021-05-06T10:27:53","modified_gmt":"2021-05-06T08:27:53","slug":"resumes","status":"publish","type":"page","link":"https:\/\/www.machinesproduction.fr\/emploi\/resumes\/","title":{"rendered":"Tous les CV"},"content":{"rendered":"<p class=\"job-manager-error\">La lecture des CV est r\u00e9serv\u00e9e aux recruteurs abonn\u00e9s.<\/p>\n\n","protected":false},"excerpt":{"rendered":"La lecture des CV est r\u00e9serv\u00e9e aux recruteurs abonn\u00e9s.","protected":false},"author":1,"featured_media":0,"parent":0,"menu_order":0,"comment_status":"closed","ping_status":"closed","template":"","meta":{"footnotes":""},"class_list":["post-41","page","type-page","status-publish","hentry"],"_links":{"self":[{"href":"https:\/\/www.machinesproduction.fr\/emploi\/wp-json\/wp\/v2\/pages\/41","targetHints":{"allow":["GET"]}}],"collection":[{"href":"https:\/\/www.machinesproduction.fr\/emploi\/wp-json\/wp\/v2\/pages"}],"about":[{"href":"https:\/\/www.machinesproduction.fr\/emploi\/wp-json\/wp\/v2\/types\/page"}],"author":[{"embeddable":true,"href":"https:\/\/www.machinesproduction.fr\/emploi\/wp-json\/wp\/v2\/users\/1"}],"replies":[{"embeddable":true,"href":"https:\/\/www.machinesproduction.fr\/emploi\/wp-json\/wp\/v2\/comments?post=41"}],"version-history":[{"count":1,"href":"https:\/\/www.machinesproduction.fr\/emploi\/wp-json\/wp\/v2\/pages\/41\/revisions"}],"predecessor-version":[{"id":320,"href":"https:\/\/www.machinesproduction.fr\/emploi\/wp-json\/wp\/v2\/pages\/41\/revisions\/320"}],"wp:attachment":[{"href":"https:\/\/www.machinesproduction.fr\/emploi\/wp-json\/wp\/v2\/media?parent=41"}],"curies":[{"name":"wp","href":"https:\/\/api.w.org\/{rel}","templated":true}]}}